{"id":196,"date":"2025-05-07T11:52:23","date_gmt":"2025-05-07T09:52:23","guid":{"rendered":"https:\/\/elethic.fr\/?page_id=196"},"modified":"2025-11-28T10:19:41","modified_gmt":"2025-11-28T09:19:41","slug":"la-scop-elethic","status":"publish","type":"page","link":"https:\/\/elethic.fr\/fr\/la-scop-elethic\/","title":{"rendered":"La Scop Elethic"},"content":{"rendered":"\n<div class=\"wp-block-group composition-realisation-3 is-layout-flow wp-block-group-is-layout-flow\">\n<div class=\"wp-block-group is-layout-flow wp-block-group-is-layout-flow\">\n<h2 class=\"wp-block-heading\">Nos valeurs<\/h2>\n\n\n\n<p>Elethic est un bureau d\u2019\u00e9tude \u00e9lectronique qui se distingue par son engagement pour l&rsquo;innovation, le partage, l&rsquo;\u00e9thique et le partenariat, des valeurs qui guident chacune de ses actions.<\/p>\n\n\n\n<ul class=\"wp-block-list\">\n<li>\n<p>\ud83d\udca1 Innovation<\/p>\n\n\n\n<p>La force d\u2019Elethic est avant tout de challenger les id\u00e9es \u00e9mergeantes de ses partenaires pour d\u00e9finir de mani\u00e8re conjointe, les solutions les plus performantes d\u2019un point de vue technologique et \u00e9conomique et ce, afin de les concr\u00e9tiser.<\/p>\n<\/li>\n\n\n\n<li>\n<p>\ud83c\udf3f \u00c9thique<\/p>\n\n\n\n<p>Elethic place l&rsquo;\u00e9thique au c\u0153ur de ses activit\u00e9s, et s\u2019engage \u00e0 agir de mani\u00e8re responsable tant au niveau soci\u00e9tal qu&rsquo;environnemental. Sa d\u00e9marche \u00e9thique guide ses choix op\u00e9rationnels, ses relations avec ses partenaires et fournisseurs et son impact sur la communaut\u00e9.<\/p>\n<\/li>\n\n\n\n<li>\n<p>\ud83e\udda6 Partage<\/p>\n\n\n\n<p>La structure m\u00eame de l\u2019entreprise en tant que SCOP t\u00e9moigne de son engagement envers le partage. En ouvrant son capital aux salari\u00e9s et partenaires, Elethic cr\u00e9e un environnement o\u00f9 chaque membre de l&rsquo;\u00e9quipe a la possibilit\u00e9 de contribuer activement aux d\u00e9cisions strat\u00e9giques de l&rsquo;entreprise. Cette approche participative favorise le partage des responsabilit\u00e9s, des connaissances et des b\u00e9n\u00e9fices, renfor\u00e7ant ainsi la coh\u00e9sion interne.<\/p>\n<\/li>\n\n\n\n<li>\n<p>\ud83e\udd1d Partenariat<\/p>\n\n\n\n<p>Le partenariat est l&rsquo;une des pierres angulaires de son approche. Elethic croit en la force de la collaboration, que ce soit avec ses clients, ses fournisseurs ou d&rsquo;autres acteurs du secteur.<\/p>\n<\/li>\n<\/ul>\n<\/div>\n<\/div>\n","protected":false},"excerpt":{"rendered":"<p>Nos valeurs Elethic est un bureau d\u2019\u00e9tude \u00e9lectronique qui se distingue par son engagement pour l&rsquo;innovation, le partage, l&rsquo;\u00e9thique et le partenariat, des valeurs qui guident chacune de ses actions.<\/p>\n","protected":false},"author":1,"featured_media":0,"parent":0,"menu_order":0,"comment_status":"closed","ping_status":"closed","template":"la-scop-elethic.php","meta":{"_acf_changed":false,"_seopress_robots_primary_cat":"","_seopress_titles_title":"%%post_title%% experts en conception \u00e9lectronique","_seopress_titles_desc":"Nos valeurs : innovation, partage, \u00e9thique, partenariat,","_seopress_robots_index":"","footnotes":""},"class_list":["post-196","page","type-page","status-publish","hentry"],"acf":[],"_links":{"self":[{"href":"https:\/\/elethic.fr\/fr\/wp-json\/wp\/v2\/pages\/196","targetHints":{"allow":["GET"]}}],"collection":[{"href":"https:\/\/elethic.fr\/fr\/wp-json\/wp\/v2\/pages"}],"about":[{"href":"https:\/\/elethic.fr\/fr\/wp-json\/wp\/v2\/types\/page"}],"author":[{"embeddable":true,"href":"https:\/\/elethic.fr\/fr\/wp-json\/wp\/v2\/users\/1"}],"replies":[{"embeddable":true,"href":"https:\/\/elethic.fr\/fr\/wp-json\/wp\/v2\/comments?post=196"}],"version-history":[{"count":27,"href":"https:\/\/elethic.fr\/fr\/wp-json\/wp\/v2\/pages\/196\/revisions"}],"predecessor-version":[{"id":1535,"href":"https:\/\/elethic.fr\/fr\/wp-json\/wp\/v2\/pages\/196\/revisions\/1535"}],"wp:attachment":[{"href":"https:\/\/elethic.fr\/fr\/wp-json\/wp\/v2\/media?parent=196"}],"curies":[{"name":"wp","href":"https:\/\/api.w.org\/{rel}","templated":true}]}}