{"id":23,"date":"2025-04-28T11:45:23","date_gmt":"2025-04-28T09:45:23","guid":{"rendered":"https:\/\/elethic.fr\/?page_id=23"},"modified":"2025-11-05T15:02:31","modified_gmt":"2025-11-05T14:02:31","slug":"page-daccueil","status":"publish","type":"page","link":"https:\/\/elethic.fr\/fr\/","title":{"rendered":"Page d&rsquo;accueil"},"content":{"rendered":"","protected":false},"excerpt":{"rendered":"","protected":false},"author":1,"featured_media":0,"parent":0,"menu_order":0,"comment_status":"closed","ping_status":"closed","template":"","meta":{"_acf_changed":false,"_seopress_robots_primary_cat":"","_seopress_titles_title":"conception cartes \u00e9lectroniques %%sep%% grenoble","_seopress_titles_desc":"Elethic vous aide \u00e0 concevoir vos cartes et produits \u00e9lectroniques. conception cartes \u00e9lectroniques.\r\n sch\u00e9mas, routage CAO, circuits imprim\u00e9s, c\u00e2blage, industrialisation","_seopress_robots_index":"","footnotes":""},"class_list":["post-23","page","type-page","status-publish","hentry"],"acf":[],"_links":{"self":[{"href":"https:\/\/elethic.fr\/fr\/wp-json\/wp\/v2\/pages\/23","targetHints":{"allow":["GET"]}}],"collection":[{"href":"https:\/\/elethic.fr\/fr\/wp-json\/wp\/v2\/pages"}],"about":[{"href":"https:\/\/elethic.fr\/fr\/wp-json\/wp\/v2\/types\/page"}],"author":[{"embeddable":true,"href":"https:\/\/elethic.fr\/fr\/wp-json\/wp\/v2\/users\/1"}],"replies":[{"embeddable":true,"href":"https:\/\/elethic.fr\/fr\/wp-json\/wp\/v2\/comments?post=23"}],"version-history":[{"count":64,"href":"https:\/\/elethic.fr\/fr\/wp-json\/wp\/v2\/pages\/23\/revisions"}],"predecessor-version":[{"id":1526,"href":"https:\/\/elethic.fr\/fr\/wp-json\/wp\/v2\/pages\/23\/revisions\/1526"}],"wp:attachment":[{"href":"https:\/\/elethic.fr\/fr\/wp-json\/wp\/v2\/media?parent=23"}],"curies":[{"name":"wp","href":"https:\/\/api.w.org\/{rel}","templated":true}]}}