{"id":441,"date":"2025-05-27T22:44:56","date_gmt":"2025-05-27T20:44:56","guid":{"rendered":"https:\/\/elethic.fr\/?page_id=441"},"modified":"2025-10-30T09:38:18","modified_gmt":"2025-10-30T08:38:18","slug":"expertise","status":"publish","type":"page","link":"https:\/\/elethic.fr\/fr\/expertise\/","title":{"rendered":"Expertise"},"content":{"rendered":"\n<div class=\"wp-block-columns is-layout-flex wp-container-core-columns-is-layout-9d6595d7 wp-block-columns-is-layout-flex\">\n<div class=\"wp-block-column is-layout-flow wp-block-column-is-layout-flow\">\n<p><strong>De nos jours l\u2019\u00e9lectronique est pr\u00e9sente partout, que ce soit dans les produits que nous utilisons quotidiennement ou int\u00e9gr\u00e9e dans des dispositifs sp\u00e9cifiques, des syst\u00e8mes complets, des machines de production \u2026<\/strong><\/p>\n\n\n\n<p>Afin de r\u00e9pondre aux demandes de plus en plus complexes, il est n\u00e9cessaire de prendre suffisamment de hauteur pour avoir une vue globale des fonctionnalit\u00e9s \u00e0 r\u00e9aliser.<\/p>\n\n\n\n<p>Une veille technologique quotidienne nous permet \u00e9galement d\u2019aborder avec curiosit\u00e9 et gourmandise les technologies \u00e9mergentes qui feront les produits de demain&nbsp;!<\/p>\n\n\n\n<p>Notre expertise acquise avec l\u2019exp\u00e9rience nous permet d\u2019envisager sereinement les technologies \u00e0 mettre en \u0153uvre pour d\u00e9finir l\u2019architecture id\u00e9ale des produits et cartes qui nous sont confi\u00e9s, puis d\u00e9rouler les \u00e9tapes indispensables \u00e0 la conception et la fabrication.<\/p>\n<\/div>\n\n\n\n<div class=\"wp-block-column is-layout-flow wp-block-column-is-layout-flow\">\n<figure class=\"wp-block-image aligncenter size-full is-resized\"><img alt=\"\" loading=\"lazy\" decoding=\"async\" width=\"836\" height=\"1032\" src=\"https:\/\/elethic.fr\/wp-content\/uploads\/2025\/08\/expertise-2.jpg\" alt=\"\" class=\"wp-image-1006\" style=\"width:432px;height:auto\" srcset=\"https:\/\/elethic.fr\/wp-content\/uploads\/2025\/08\/expertise-2.jpg 836w, https:\/\/elethic.fr\/wp-content\/uploads\/2025\/08\/expertise-2-243x300.jpg 243w, https:\/\/elethic.fr\/wp-content\/uploads\/2025\/08\/expertise-2-830x1024.jpg 830w, https:\/\/elethic.fr\/wp-content\/uploads\/2025\/08\/expertise-2-768x948.jpg 768w, https:\/\/elethic.fr\/wp-content\/uploads\/2025\/08\/expertise-2-79x98.jpg 79w, https:\/\/elethic.fr\/wp-content\/uploads\/2025\/08\/expertise-2-32x40.jpg 32w, https:\/\/elethic.fr\/wp-content\/uploads\/2025\/08\/expertise-2-190x235.jpg 190w, https:\/\/elethic.fr\/wp-content\/uploads\/2025\/08\/expertise-2-89x110.jpg 89w, https:\/\/elethic.fr\/wp-content\/uploads\/2025\/08\/expertise-2-25x31.jpg 25w, https:\/\/elethic.fr\/wp-content\/uploads\/2025\/08\/expertise-2-356x440.jpg 356w\" sizes=\"auto, (max-width: 836px) 100vw, 836px\" \/><\/figure>\n<\/div>\n<\/div>\n\n\n\n<p><strong>Au fil des ann\u00e9es notre expertise int\u00e8gre : <\/strong><\/p>\n\n\n\n<ul class=\"wp-block-list\">\n<li>la conception d\u2019\u00e9lectronique rapide (jusqu&rsquo;\u00e0 60 Ghz)<\/li>\n\n\n\n<li>l\u2019utilisation des technologies FPGA,<\/li>\n\n\n\n<li>la conception et le routage de circuits imprim\u00e9s complexes : connexion haute densit\u00e9 (HDI), via enterr\u00e9s, trous borgnes, substrat sp\u00e9cifique, imp\u00e9dance adapt\u00e9e, toutes les technologies de communication sans fil, LorA, Bluetooth, les diff\u00e9rents bus et protocoles industriels, les normes CEM \u2026<\/li>\n<\/ul>\n\n\n\n<p><\/p>\n","protected":false},"excerpt":{"rendered":"<p>De nos jours l\u2019\u00e9lectronique est pr\u00e9sente partout, que ce soit dans les produits que nous utilisons quotidiennement ou int\u00e9gr\u00e9e dans des dispositifs sp\u00e9cifiques, des syst\u00e8mes complets, des machines de production \u2026 Afin de r\u00e9pondre aux demandes de plus en plus complexes, il est n\u00e9cessaire de prendre suffisamment de hauteur pour avoir une vue globale des [&hellip;]<\/p>\n","protected":false},"author":1,"featured_media":0,"parent":0,"menu_order":0,"comment_status":"closed","ping_status":"closed","template":"","meta":{"_acf_changed":false,"_seopress_robots_primary_cat":"","_seopress_titles_title":"%%post_title%%, FPGA, CAO, circuits imprim\u00e9s, Lora, Bluetooth, CEM","_seopress_titles_desc":"Experts en \u00e9lectronique, FPGA, circuits imprim\u00e9s complexes, hdi,  via enterr\u00e9s, trous borgnes, substrat sp\u00e9cifique, imp\u00e9dance adapt\u00e9e, Lora, bluetooth, CEM","_seopress_robots_index":"","footnotes":""},"class_list":["post-441","page","type-page","status-publish","hentry"],"acf":[],"_links":{"self":[{"href":"https:\/\/elethic.fr\/fr\/wp-json\/wp\/v2\/pages\/441","targetHints":{"allow":["GET"]}}],"collection":[{"href":"https:\/\/elethic.fr\/fr\/wp-json\/wp\/v2\/pages"}],"about":[{"href":"https:\/\/elethic.fr\/fr\/wp-json\/wp\/v2\/types\/page"}],"author":[{"embeddable":true,"href":"https:\/\/elethic.fr\/fr\/wp-json\/wp\/v2\/users\/1"}],"replies":[{"embeddable":true,"href":"https:\/\/elethic.fr\/fr\/wp-json\/wp\/v2\/comments?post=441"}],"version-history":[{"count":26,"href":"https:\/\/elethic.fr\/fr\/wp-json\/wp\/v2\/pages\/441\/revisions"}],"predecessor-version":[{"id":1492,"href":"https:\/\/elethic.fr\/fr\/wp-json\/wp\/v2\/pages\/441\/revisions\/1492"}],"wp:attachment":[{"href":"https:\/\/elethic.fr\/fr\/wp-json\/wp\/v2\/media?parent=441"}],"curies":[{"name":"wp","href":"https:\/\/api.w.org\/{rel}","templated":true}]}}