{"id":445,"date":"2025-05-27T22:45:31","date_gmt":"2025-05-27T20:45:31","guid":{"rendered":"https:\/\/elethic.fr\/?page_id=445"},"modified":"2026-03-09T17:13:58","modified_gmt":"2026-03-09T16:13:58","slug":"conception-electronique","status":"publish","type":"page","link":"https:\/\/elethic.fr\/fr\/conception-electronique\/","title":{"rendered":"Conception \u00e9lectronique"},"content":{"rendered":"\n<div class=\"wp-block-columns is-layout-flex wp-container-core-columns-is-layout-9d6595d7 wp-block-columns-is-layout-flex\">\n<div class=\"wp-block-column is-layout-flow wp-block-column-is-layout-flow\">\n<p>Le point de d\u00e9part de tout nouveau projet commence soit par une <strong>expression de besoin, soit par un sch\u00e9ma, ou encore un cahier des charges<\/strong>.<\/p>\n\n\n\n<p>C\u2019est le moment privil\u00e9gi\u00e9 o\u00f9 les \u00e9changes avec nos clients nous permettent d\u2019imaginer peu \u00e0 peu les solutions et les moyens \u00e0 mettre en \u0153uvre pour <strong>r\u00e9pondre \u00e0 leur demande.<\/strong><\/p>\n\n\n\n<p>Viendrons ensuite la <strong>d\u00e9finition de l\u2019architecture<\/strong>, le <strong>choix des composants<\/strong>, la <strong>r\u00e9alisation d\u2019un sch\u00e9ma<\/strong>, le <strong>routage CAO<\/strong> de la carte suivie du prototypage, le <strong>d\u00e9veloppement du logiciel embarqu\u00e9<\/strong>, et enfin la d\u00e9finition des <strong>tests et l\u2019industrialisation<\/strong> pour une <strong>mise en production<\/strong>.<\/p>\n\n\n\n<p>Nos experts ma\u00eetrisent tous les maillons de cette cha\u00eene et jonglent avec les technologies disponibles <strong>pour fournir LE produit ou LA carte attendus.<\/strong><\/p>\n<\/div>\n\n\n\n<div class=\"wp-block-column is-layout-flow wp-block-column-is-layout-flow\">\n<figure class=\"wp-block-image size-large\"><img loading=\"lazy\" decoding=\"async\" width=\"1024\" height=\"681\" src=\"https:\/\/elethic.fr\/wp-content\/uploads\/2025\/09\/conception-electronique2-1024x681.jpg\" alt=\"conception \u00e9lectronique\" class=\"wp-image-1225\" title=\"conception \u00e9lectronique\" srcset=\"https:\/\/elethic.fr\/wp-content\/uploads\/2025\/09\/conception-electronique2-1024x681.jpg 1024w, https:\/\/elethic.fr\/wp-content\/uploads\/2025\/09\/conception-electronique2-300x200.jpg 300w, https:\/\/elethic.fr\/wp-content\/uploads\/2025\/09\/conception-electronique2-768x511.jpg 768w, https:\/\/elethic.fr\/wp-content\/uploads\/2025\/09\/conception-electronique2-1536x1022.jpg 1536w, https:\/\/elethic.fr\/wp-content\/uploads\/2025\/09\/conception-electronique2-98x65.jpg 98w, https:\/\/elethic.fr\/wp-content\/uploads\/2025\/09\/conception-electronique2-60x40.jpg 60w, https:\/\/elethic.fr\/wp-content\/uploads\/2025\/09\/conception-electronique2-190x126.jpg 190w, https:\/\/elethic.fr\/wp-content\/uploads\/2025\/09\/conception-electronique2-165x110.jpg 165w, https:\/\/elethic.fr\/wp-content\/uploads\/2025\/09\/conception-electronique2-25x17.jpg 25w, https:\/\/elethic.fr\/wp-content\/uploads\/2025\/09\/conception-electronique2-541x360.jpg 541w, https:\/\/elethic.fr\/wp-content\/uploads\/2025\/09\/conception-electronique2.jpg 1920w\" sizes=\"auto, (max-width: 1024px) 100vw, 1024px\" \/><\/figure>\n<\/div>\n<\/div>\n\n\n\n<div class=\"wp-block-group composition-realisation-3 is-layout-flow wp-block-group-is-layout-flow\">\n<div class=\"wp-block-group is-layout-flow wp-block-group-is-layout-flow\">\n<h3 class=\"wp-block-heading\">En images<\/h3>\n\n\n\n<div class=\"wp-block-columns is-layout-flex wp-container-core-columns-is-layout-9d6595d7 wp-block-columns-is-layout-flex\">\n<div class=\"wp-block-column is-layout-flow wp-block-column-is-layout-flow\">\n<figure class=\"wp-block-image size-large\"><img loading=\"lazy\" decoding=\"async\" width=\"1024\" height=\"768\" src=\"https:\/\/elethic.fr\/wp-content\/uploads\/2025\/07\/CT50_board-1024x768.png\" alt=\"ampli hifi\" class=\"wp-image-863\" title=\"exemple de produit con\u00e7u par Elethic : ampli hifi\" srcset=\"https:\/\/elethic.fr\/wp-content\/uploads\/2025\/07\/CT50_board-1024x768.png 1024w, https:\/\/elethic.fr\/wp-content\/uploads\/2025\/07\/CT50_board-300x225.png 300w, https:\/\/elethic.fr\/wp-content\/uploads\/2025\/07\/CT50_board-768x576.png 768w, https:\/\/elethic.fr\/wp-content\/uploads\/2025\/07\/CT50_board-98x74.png 98w, https:\/\/elethic.fr\/wp-content\/uploads\/2025\/07\/CT50_board-53x40.png 53w, https:\/\/elethic.fr\/wp-content\/uploads\/2025\/07\/CT50_board-190x143.png 190w, https:\/\/elethic.fr\/wp-content\/uploads\/2025\/07\/CT50_board-147x110.png 147w, https:\/\/elethic.fr\/wp-content\/uploads\/2025\/07\/CT50_board-25x19.png 25w, https:\/\/elethic.fr\/wp-content\/uploads\/2025\/07\/CT50_board-541x406.png 541w, https:\/\/elethic.fr\/wp-content\/uploads\/2025\/07\/CT50_board.png 1280w\" sizes=\"auto, (max-width: 1024px) 100vw, 1024px\" \/><\/figure>\n<\/div>\n\n\n\n<div class=\"wp-block-column is-layout-flow wp-block-column-is-layout-flow\">\n<figure class=\"wp-block-image aligncenter size-full\"><img alt=\"carte \u00e9lectronique rapide\" loading=\"lazy\" decoding=\"async\" width=\"452\" height=\"260\" src=\"https:\/\/elethic.fr\/wp-content\/uploads\/2025\/08\/demokit2-edited.png\" alt=\"\" class=\"wp-image-1082\" srcset=\"https:\/\/elethic.fr\/wp-content\/uploads\/2025\/08\/demokit2-edited.png 452w, https:\/\/elethic.fr\/wp-content\/uploads\/2025\/08\/demokit2-edited-300x173.png 300w, https:\/\/elethic.fr\/wp-content\/uploads\/2025\/08\/demokit2-edited-98x56.png 98w, https:\/\/elethic.fr\/wp-content\/uploads\/2025\/08\/demokit2-edited-70x40.png 70w, https:\/\/elethic.fr\/wp-content\/uploads\/2025\/08\/demokit2-edited-190x109.png 190w, https:\/\/elethic.fr\/wp-content\/uploads\/2025\/08\/demokit2-edited-191x110.png 191w, https:\/\/elethic.fr\/wp-content\/uploads\/2025\/08\/demokit2-edited-25x14.png 25w\" sizes=\"auto, (max-width: 452px) 100vw, 452px\" \/><\/figure>\n<\/div>\n\n\n\n<div class=\"wp-block-column is-layout-flow wp-block-column-is-layout-flow\">\n<figure class=\"wp-block-image size-large\"><img loading=\"lazy\" decoding=\"async\" width=\"1024\" height=\"697\" src=\"https:\/\/elethic.fr\/wp-content\/uploads\/2025\/08\/2-test-2048x1365-1-1024x697.png\" alt=\"carte de test \" class=\"wp-image-1022\" title=\"exemple de produit con\u00e7u par Elethic : carte de test\" srcset=\"https:\/\/elethic.fr\/wp-content\/uploads\/2025\/08\/2-test-2048x1365-1-1024x697.png 1024w, https:\/\/elethic.fr\/wp-content\/uploads\/2025\/08\/2-test-2048x1365-1-300x204.png 300w, https:\/\/elethic.fr\/wp-content\/uploads\/2025\/08\/2-test-2048x1365-1-768x523.png 768w, https:\/\/elethic.fr\/wp-content\/uploads\/2025\/08\/2-test-2048x1365-1-98x67.png 98w, https:\/\/elethic.fr\/wp-content\/uploads\/2025\/08\/2-test-2048x1365-1-59x40.png 59w, https:\/\/elethic.fr\/wp-content\/uploads\/2025\/08\/2-test-2048x1365-1-190x129.png 190w, https:\/\/elethic.fr\/wp-content\/uploads\/2025\/08\/2-test-2048x1365-1-162x110.png 162w, https:\/\/elethic.fr\/wp-content\/uploads\/2025\/08\/2-test-2048x1365-1-25x17.png 25w, https:\/\/elethic.fr\/wp-content\/uploads\/2025\/08\/2-test-2048x1365-1-541x368.png 541w, https:\/\/elethic.fr\/wp-content\/uploads\/2025\/08\/2-test-2048x1365-1.png 1520w\" sizes=\"auto, (max-width: 1024px) 100vw, 1024px\" \/><\/figure>\n<\/div>\n<\/div>\n<\/div>\n<\/div>\n\n\n\n<p><\/p>\n","protected":false},"excerpt":{"rendered":"<p>Le point de d\u00e9part de tout nouveau projet commence soit par une expression de besoin, soit par un sch\u00e9ma, ou encore un cahier des charges. C\u2019est le moment privil\u00e9gi\u00e9 o\u00f9 les \u00e9changes avec nos clients nous permettent d\u2019imaginer peu \u00e0 peu les solutions et les moyens \u00e0 mettre en \u0153uvre pour r\u00e9pondre \u00e0 leur demande. [&hellip;]<\/p>\n","protected":false},"author":1,"featured_media":822,"parent":0,"menu_order":0,"comment_status":"closed","ping_status":"closed","template":"","meta":{"_acf_changed":false,"_seopress_robots_primary_cat":"","_seopress_titles_title":"%%post_title%%","_seopress_titles_desc":"conception \u00e9lectronique, cahier des charges, logiciel embarqu\u00e9, conception FPGA, routage CAO, circuit imprim\u00e9, prototype, \u00e9tude \u00e9lectronique","_seopress_robots_index":"","footnotes":""},"class_list":["post-445","page","type-page","status-publish","has-post-thumbnail","hentry"],"acf":[],"_links":{"self":[{"href":"https:\/\/elethic.fr\/fr\/wp-json\/wp\/v2\/pages\/445","targetHints":{"allow":["GET"]}}],"collection":[{"href":"https:\/\/elethic.fr\/fr\/wp-json\/wp\/v2\/pages"}],"about":[{"href":"https:\/\/elethic.fr\/fr\/wp-json\/wp\/v2\/types\/page"}],"author":[{"embeddable":true,"href":"https:\/\/elethic.fr\/fr\/wp-json\/wp\/v2\/users\/1"}],"replies":[{"embeddable":true,"href":"https:\/\/elethic.fr\/fr\/wp-json\/wp\/v2\/comments?post=445"}],"version-history":[{"count":31,"href":"https:\/\/elethic.fr\/fr\/wp-json\/wp\/v2\/pages\/445\/revisions"}],"predecessor-version":[{"id":1585,"href":"https:\/\/elethic.fr\/fr\/wp-json\/wp\/v2\/pages\/445\/revisions\/1585"}],"wp:featuredmedia":[{"embeddable":true,"href":"https:\/\/elethic.fr\/fr\/wp-json\/wp\/v2\/media\/822"}],"wp:attachment":[{"href":"https:\/\/elethic.fr\/fr\/wp-json\/wp\/v2\/media?parent=445"}],"curies":[{"name":"wp","href":"https:\/\/api.w.org\/{rel}","templated":true}]}}