{"id":449,"date":"2025-05-27T22:45:52","date_gmt":"2025-05-27T20:45:52","guid":{"rendered":"https:\/\/elethic.fr\/?page_id=449"},"modified":"2025-10-30T09:56:21","modified_gmt":"2025-10-30T08:56:21","slug":"logiciels-embarques","status":"publish","type":"page","link":"https:\/\/elethic.fr\/fr\/logiciels-embarques\/","title":{"rendered":"Logiciels embarqu\u00e9s"},"content":{"rendered":"\n<div class=\"wp-block-columns is-layout-flex wp-container-core-columns-is-layout-9d6595d7 wp-block-columns-is-layout-flex\">\n<div class=\"wp-block-column is-layout-flow wp-block-column-is-layout-flow\">\n<h2 class=\"wp-block-heading\">D\u00e9veloppement microcontr\u00f4leur<\/h2>\n\n\n\n<p>Nos ing\u00e9nieurs d\u00e9veloppent des logiciels embarqu\u00e9s bas niveau pour des syst\u00e8mes utilisant des microcontr\u00f4leurs 8, 16 ou 32 bits, dans des environnements sans syst\u00e8me d\u2019exploitation. <\/p>\n\n\n\n<p>Gr\u00e2ce \u00e0 leur double expertise logicielle et mat\u00e9rielle, ils con\u00e7oivent des applications \u00ab\u202fbare metal\u202f\u00bb, directement optimis\u00e9es pour les ressources du microcontr\u00f4leur et ses p\u00e9riph\u00e9riques. <\/p>\n\n\n\n<p>Dans ce type d\u2019architecture, l\u2019application prend en charge la gestion des interruptions mat\u00e9rielles, garantissant un contr\u00f4le pr\u00e9cis et une r\u00e9activit\u00e9 adapt\u00e9e aux contraintes des syst\u00e8mes embarqu\u00e9s. <\/p>\n\n\n\n<p>Ces solutions sont particuli\u00e8rement adapt\u00e9es aux environnements exigeant un faible co\u00fbt de revient, une taille compacte, une faible consommation, une fiabilit\u00e9 maximale, une grande s\u00e9curit\u00e9 des donn\u00e9es et des performances en temps r\u00e9el. <\/p>\n\n\n\n<p>Nous intervenons ainsi dans de nombreux domaines comme les syst\u00e8mes de communication, les instruments de mesure ou encore les technologies de la s\u00e9curit\u00e9.<\/p>\n<\/div>\n\n\n\n<div class=\"wp-block-column is-layout-flow wp-block-column-is-layout-flow\">\n<figure class=\"wp-block-image size-large\"><img loading=\"lazy\" decoding=\"async\" width=\"775\" height=\"1024\" src=\"https:\/\/elethic.fr\/wp-content\/uploads\/2025\/09\/logiciel-embarque-3-775x1024.jpg\" alt=\"d\u00e9veloppement microcontroleur\" class=\"wp-image-1265\" title=\"logiciel embarqu\u00e9\" srcset=\"https:\/\/elethic.fr\/wp-content\/uploads\/2025\/09\/logiciel-embarque-3-775x1024.jpg 775w, https:\/\/elethic.fr\/wp-content\/uploads\/2025\/09\/logiciel-embarque-3-227x300.jpg 227w, https:\/\/elethic.fr\/wp-content\/uploads\/2025\/09\/logiciel-embarque-3-768x1015.jpg 768w, https:\/\/elethic.fr\/wp-content\/uploads\/2025\/09\/logiciel-embarque-3-74x98.jpg 74w, https:\/\/elethic.fr\/wp-content\/uploads\/2025\/09\/logiciel-embarque-3-30x40.jpg 30w, https:\/\/elethic.fr\/wp-content\/uploads\/2025\/09\/logiciel-embarque-3-190x251.jpg 190w, https:\/\/elethic.fr\/wp-content\/uploads\/2025\/09\/logiciel-embarque-3-83x110.jpg 83w, https:\/\/elethic.fr\/wp-content\/uploads\/2025\/09\/logiciel-embarque-3-25x33.jpg 25w, https:\/\/elethic.fr\/wp-content\/uploads\/2025\/09\/logiciel-embarque-3-333x440.jpg 333w, https:\/\/elethic.fr\/wp-content\/uploads\/2025\/09\/logiciel-embarque-3.jpg 832w\" sizes=\"auto, (max-width: 775px) 100vw, 775px\" \/><\/figure>\n<\/div>\n<\/div>\n\n\n\n<h3 class=\"wp-block-heading\">Applications<\/h3>\n\n\n\n<ul class=\"wp-block-list\">\n<li>Pilotage de composants<\/li>\n\n\n\n<li>D\u00e9veloppement d\u2019utilitaires<\/li>\n\n\n\n<li>Maintenance de codes<\/li>\n\n\n\n<li>Portage de logiciel<\/li>\n\n\n\n<li>Impl\u00e9mentation de protocoles<\/li>\n<\/ul>\n\n\n\n<div class=\"wp-block-columns is-layout-flex wp-container-core-columns-is-layout-9d6595d7 wp-block-columns-is-layout-flex\">\n<div class=\"wp-block-column is-layout-flow wp-block-column-is-layout-flow\"><\/div>\n<\/div>\n\n\n\n<h2 class=\"wp-block-heading\">FPGA<\/h2>\n\n\n\n<div class=\"wp-block-columns is-layout-flex wp-container-core-columns-is-layout-9d6595d7 wp-block-columns-is-layout-flex\">\n<div class=\"wp-block-column is-layout-flow wp-block-column-is-layout-flow\">\n<p>Nous ma\u00eetrisons les technologies FPGA, id\u00e9ales pour concevoir des syst\u00e8mes embarqu\u00e9s performants et autonomes.<\/p>\n\n\n\n<p>Ces composants regroupent en un seul circuit tous les \u00e9l\u00e9ments essentiels : logique programmable, processeurs, m\u00e9moires, interfaces rapides\u2026<\/p>\n\n\n\n<p>Ils sont particuli\u00e8rement adapt\u00e9s au traitement d\u2019image et au traitement de flux vid\u00e9o en temps r\u00e9el.<\/p>\n\n\n\n<p>Notre \u00e9quipe dispose d\u2019une solide expertise dans l\u2019int\u00e9gration et la programmation de FPGA, en VHDL ou Verilog, que nous mettons au service de vos projets les plus exigeants.<\/p>\n<\/div>\n\n\n\n<div class=\"wp-block-column is-layout-flow wp-block-column-is-layout-flow\">\n<figure class=\"wp-block-image size-large\"><img alt=\"conception\" loading=\"lazy\" decoding=\"async\" width=\"1024\" height=\"574\" src=\"https:\/\/elethic.fr\/wp-content\/uploads\/2025\/09\/AdobeStock_610539222-1024x574.jpeg\" alt=\"\" class=\"wp-image-1205\" srcset=\"https:\/\/elethic.fr\/wp-content\/uploads\/2025\/09\/AdobeStock_610539222-1024x574.jpeg 1024w, https:\/\/elethic.fr\/wp-content\/uploads\/2025\/09\/AdobeStock_610539222-300x168.jpeg 300w, https:\/\/elethic.fr\/wp-content\/uploads\/2025\/09\/AdobeStock_610539222-768x430.jpeg 768w, https:\/\/elethic.fr\/wp-content\/uploads\/2025\/09\/AdobeStock_610539222-1536x861.jpeg 1536w, https:\/\/elethic.fr\/wp-content\/uploads\/2025\/09\/AdobeStock_610539222-2048x1148.jpeg 2048w, https:\/\/elethic.fr\/wp-content\/uploads\/2025\/09\/AdobeStock_610539222-98x55.jpeg 98w, https:\/\/elethic.fr\/wp-content\/uploads\/2025\/09\/AdobeStock_610539222-71x40.jpeg 71w, https:\/\/elethic.fr\/wp-content\/uploads\/2025\/09\/AdobeStock_610539222-190x106.jpeg 190w, https:\/\/elethic.fr\/wp-content\/uploads\/2025\/09\/AdobeStock_610539222-196x110.jpeg 196w, https:\/\/elethic.fr\/wp-content\/uploads\/2025\/09\/AdobeStock_610539222-25x14.jpeg 25w, https:\/\/elethic.fr\/wp-content\/uploads\/2025\/09\/AdobeStock_610539222-541x303.jpeg 541w\" sizes=\"auto, (max-width: 1024px) 100vw, 1024px\" \/><\/figure>\n<\/div>\n<\/div>\n\n\n\n<div class=\"wp-block-group composition-realisation-3 is-layout-flow wp-block-group-is-layout-flow\">\n<div class=\"wp-block-group is-layout-flow wp-block-group-is-layout-flow\">\n<h3 class=\"wp-block-heading\">En image<\/h3>\n\n\n\n<div class=\"wp-block-columns is-layout-flex wp-container-core-columns-is-layout-9d6595d7 wp-block-columns-is-layout-flex\">\n<div class=\"wp-block-column is-layout-flow wp-block-column-is-layout-flow\">\n<figure class=\"wp-block-image size-large is-resized\"><img loading=\"lazy\" decoding=\"async\" width=\"1024\" height=\"683\" src=\"https:\/\/elethic.fr\/wp-content\/uploads\/2025\/07\/pexels-arturoaez225-18734753-1024x683.jpg\" alt=\"micro controleur\" class=\"wp-image-937\" style=\"width:auto;height:400px\" title=\"logiciel embarqu\u00e9\" srcset=\"https:\/\/elethic.fr\/wp-content\/uploads\/2025\/07\/pexels-arturoaez225-18734753-1024x683.jpg 1024w, https:\/\/elethic.fr\/wp-content\/uploads\/2025\/07\/pexels-arturoaez225-18734753-300x200.jpg 300w, https:\/\/elethic.fr\/wp-content\/uploads\/2025\/07\/pexels-arturoaez225-18734753-768x512.jpg 768w, https:\/\/elethic.fr\/wp-content\/uploads\/2025\/07\/pexels-arturoaez225-18734753-1536x1024.jpg 1536w, https:\/\/elethic.fr\/wp-content\/uploads\/2025\/07\/pexels-arturoaez225-18734753-2048x1365.jpg 2048w, https:\/\/elethic.fr\/wp-content\/uploads\/2025\/07\/pexels-arturoaez225-18734753-98x65.jpg 98w, https:\/\/elethic.fr\/wp-content\/uploads\/2025\/07\/pexels-arturoaez225-18734753-60x40.jpg 60w, https:\/\/elethic.fr\/wp-content\/uploads\/2025\/07\/pexels-arturoaez225-18734753-190x127.jpg 190w, https:\/\/elethic.fr\/wp-content\/uploads\/2025\/07\/pexels-arturoaez225-18734753-448x300.jpg 448w, https:\/\/elethic.fr\/wp-content\/uploads\/2025\/07\/pexels-arturoaez225-18734753-165x110.jpg 165w, https:\/\/elethic.fr\/wp-content\/uploads\/2025\/07\/pexels-arturoaez225-18734753-25x17.jpg 25w, https:\/\/elethic.fr\/wp-content\/uploads\/2025\/07\/pexels-arturoaez225-18734753-541x361.jpg 541w\" sizes=\"auto, (max-width: 1024px) 100vw, 1024px\" \/><\/figure>\n<\/div>\n\n\n\n<div class=\"wp-block-column is-vertically-aligned-center is-layout-flow wp-block-column-is-layout-flow\">\n<figure class=\"wp-block-image alignright size-large is-resized\"><img loading=\"lazy\" decoding=\"async\" width=\"2057\" height=\"1371\" src=\"https:\/\/elethic.fr\/wp-content\/uploads\/2025\/09\/Top-e1752570330818-edited-1.jpg\" alt=\"FPGA kit d\u00e9mo \u00e9lectronique rapide\" class=\"wp-image-1305\" style=\"object-fit:cover;width:432px;height:400px\" title=\"logiciel embarqu\u00e9\" srcset=\"https:\/\/elethic.fr\/wp-content\/uploads\/2025\/09\/Top-e1752570330818-edited-1.jpg 2057w, https:\/\/elethic.fr\/wp-content\/uploads\/2025\/09\/Top-e1752570330818-edited-1-300x200.jpg 300w, https:\/\/elethic.fr\/wp-content\/uploads\/2025\/09\/Top-e1752570330818-edited-1-1024x683.jpg 1024w, https:\/\/elethic.fr\/wp-content\/uploads\/2025\/09\/Top-e1752570330818-edited-1-768x512.jpg 768w, https:\/\/elethic.fr\/wp-content\/uploads\/2025\/09\/Top-e1752570330818-edited-1-1536x1024.jpg 1536w, https:\/\/elethic.fr\/wp-content\/uploads\/2025\/09\/Top-e1752570330818-edited-1-2048x1365.jpg 2048w, https:\/\/elethic.fr\/wp-content\/uploads\/2025\/09\/Top-e1752570330818-edited-1-98x65.jpg 98w, https:\/\/elethic.fr\/wp-content\/uploads\/2025\/09\/Top-e1752570330818-edited-1-60x40.jpg 60w, https:\/\/elethic.fr\/wp-content\/uploads\/2025\/09\/Top-e1752570330818-edited-1-190x127.jpg 190w, https:\/\/elethic.fr\/wp-content\/uploads\/2025\/09\/Top-e1752570330818-edited-1-448x300.jpg 448w, https:\/\/elethic.fr\/wp-content\/uploads\/2025\/09\/Top-e1752570330818-edited-1-165x110.jpg 165w, https:\/\/elethic.fr\/wp-content\/uploads\/2025\/09\/Top-e1752570330818-edited-1-25x17.jpg 25w, https:\/\/elethic.fr\/wp-content\/uploads\/2025\/09\/Top-e1752570330818-edited-1-541x361.jpg 541w\" sizes=\"auto, (max-width: 2057px) 100vw, 2057px\" \/><\/figure>\n<\/div>\n<\/div>\n<\/div>\n<\/div>\n\n\n\n<p><\/p>\n","protected":false},"excerpt":{"rendered":"<p>D\u00e9veloppement microcontr\u00f4leur Nos ing\u00e9nieurs d\u00e9veloppent des logiciels embarqu\u00e9s bas niveau pour des syst\u00e8mes utilisant des microcontr\u00f4leurs 8, 16 ou 32 bits, dans des environnements sans syst\u00e8me d\u2019exploitation. Gr\u00e2ce \u00e0 leur double expertise logicielle et mat\u00e9rielle, ils con\u00e7oivent des applications \u00ab\u202fbare metal\u202f\u00bb, directement optimis\u00e9es pour les ressources du microcontr\u00f4leur et ses p\u00e9riph\u00e9riques. Dans ce type d\u2019architecture, [&hellip;]<\/p>\n","protected":false},"author":1,"featured_media":692,"parent":0,"menu_order":0,"comment_status":"closed","ping_status":"closed","template":"","meta":{"_acf_changed":false,"_seopress_robots_primary_cat":"","_seopress_titles_title":"%%post_title%% d\u00e9veloppement microcontroleur","_seopress_titles_desc":"logiciels embarqu\u00e9s bas niveau pour des syst\u00e8mes utilisant des microcontr\u00f4leurs 8, 16 ou 32 bits, dans des environnements sans syst\u00e8me d\u2019exploitation.","_seopress_robots_index":"","footnotes":""},"class_list":["post-449","page","type-page","status-publish","has-post-thumbnail","hentry"],"acf":[],"_links":{"self":[{"href":"https:\/\/elethic.fr\/fr\/wp-json\/wp\/v2\/pages\/449","targetHints":{"allow":["GET"]}}],"collection":[{"href":"https:\/\/elethic.fr\/fr\/wp-json\/wp\/v2\/pages"}],"about":[{"href":"https:\/\/elethic.fr\/fr\/wp-json\/wp\/v2\/types\/page"}],"author":[{"embeddable":true,"href":"https:\/\/elethic.fr\/fr\/wp-json\/wp\/v2\/users\/1"}],"replies":[{"embeddable":true,"href":"https:\/\/elethic.fr\/fr\/wp-json\/wp\/v2\/comments?post=449"}],"version-history":[{"count":65,"href":"https:\/\/elethic.fr\/fr\/wp-json\/wp\/v2\/pages\/449\/revisions"}],"predecessor-version":[{"id":1505,"href":"https:\/\/elethic.fr\/fr\/wp-json\/wp\/v2\/pages\/449\/revisions\/1505"}],"wp:featuredmedia":[{"embeddable":true,"href":"https:\/\/elethic.fr\/fr\/wp-json\/wp\/v2\/media\/692"}],"wp:attachment":[{"href":"https:\/\/elethic.fr\/fr\/wp-json\/wp\/v2\/media?parent=449"}],"curies":[{"name":"wp","href":"https:\/\/api.w.org\/{rel}","templated":true}]}}