{"id":453,"date":"2025-05-27T22:46:06","date_gmt":"2025-05-27T20:46:06","guid":{"rendered":"https:\/\/elethic.fr\/?page_id=453"},"modified":"2025-10-30T09:45:45","modified_gmt":"2025-10-30T08:45:45","slug":"industrialisation","status":"publish","type":"page","link":"https:\/\/elethic.fr\/fr\/industrialisation\/","title":{"rendered":"Industrialisation"},"content":{"rendered":"\n<div class=\"wp-block-columns is-layout-flex wp-container-core-columns-is-layout-9d6595d7 wp-block-columns-is-layout-flex\">\n<div class=\"wp-block-column is-vertically-aligned-top is-layout-flow wp-block-column-is-layout-flow\">\n<figure class=\"wp-block-image size-large\"><img loading=\"lazy\" decoding=\"async\" width=\"1024\" height=\"681\" src=\"https:\/\/elethic.fr\/wp-content\/uploads\/2025\/09\/test-1024x681.jpg\" alt=\"test in situ carte \u00e9lectronique\" class=\"wp-image-1241\" title=\"test in situ cartes \u00e9lectronique\" srcset=\"https:\/\/elethic.fr\/wp-content\/uploads\/2025\/09\/test-1024x681.jpg 1024w, https:\/\/elethic.fr\/wp-content\/uploads\/2025\/09\/test-300x200.jpg 300w, https:\/\/elethic.fr\/wp-content\/uploads\/2025\/09\/test-768x511.jpg 768w, https:\/\/elethic.fr\/wp-content\/uploads\/2025\/09\/test-1536x1022.jpg 1536w, https:\/\/elethic.fr\/wp-content\/uploads\/2025\/09\/test-98x65.jpg 98w, https:\/\/elethic.fr\/wp-content\/uploads\/2025\/09\/test-60x40.jpg 60w, https:\/\/elethic.fr\/wp-content\/uploads\/2025\/09\/test-190x126.jpg 190w, https:\/\/elethic.fr\/wp-content\/uploads\/2025\/09\/test-165x110.jpg 165w, https:\/\/elethic.fr\/wp-content\/uploads\/2025\/09\/test-25x17.jpg 25w, https:\/\/elethic.fr\/wp-content\/uploads\/2025\/09\/test-541x360.jpg 541w, https:\/\/elethic.fr\/wp-content\/uploads\/2025\/09\/test.jpg 1920w\" sizes=\"auto, (max-width: 1024px) 100vw, 1024px\" \/><\/figure>\n<\/div>\n\n\n\n<div class=\"wp-block-column is-layout-flow wp-block-column-is-layout-flow\">\n<h2 class=\"wp-block-heading\">M\u00e9thodologie<\/h2>\n\n\n\n<p>Pour garantir la fiabilit\u00e9 et la qualit\u00e9 des produits \u00e9lectroniques que nous r\u00e9alisons, l&rsquo;industrialisation est prise en compte d\u00e8s la conception.<\/p>\n\n\n\n<p>Nous d\u00e9finissons les m\u00e9thodes et les outils \u00e0 mettre en place pour concevoir un produit industrialis\u00e9 (fiable et adapt\u00e9 aux technologies de production).<\/p>\n\n\n\n<p>Nous pouvons ainsi r\u00e9pondre aux besoins fonctionnels, normatifs et qualitatifs les plus stricts.<\/p>\n<\/div>\n<\/div>\n\n\n\n<div class=\"wp-block-columns is-layout-flex wp-container-core-columns-is-layout-9d6595d7 wp-block-columns-is-layout-flex\">\n<div class=\"wp-block-column is-layout-flow wp-block-column-is-layout-flow\">\n<h3 class=\"wp-block-heading\">Design for X (DFX)<\/h3>\n\n\n\n<p>Nous utilisons une m\u00e9thode appel\u00e9e <strong>DFX (Design for eXcellence)<\/strong>. <\/p>\n\n\n\n<p>Elle consiste \u00e0 suivre un ensemble de r\u00e8gles pour concevoir un produit de mani\u00e8re optimale, en tenant compte des priorit\u00e9s fix\u00e9es dans le cahier des charges.<\/p>\n<\/div>\n\n\n\n<div class=\"wp-block-column is-layout-flow wp-block-column-is-layout-flow\">\n<figure class=\"wp-block-gallery has-nested-images columns-default is-cropped wp-block-gallery-1 is-layout-flex wp-block-gallery-is-layout-flex\">\n<figure class=\"wp-block-image size-large\"><img loading=\"lazy\" decoding=\"async\" width=\"1024\" height=\"681\" data-id=\"1248\" src=\"https:\/\/elethic.fr\/wp-content\/uploads\/2025\/09\/assemblage-1024x681.jpg\" alt=\"test automatique\" class=\"wp-image-1248\" title=\"test en production circuit imprim\u00e9 carte \u00e9lectronique\" srcset=\"https:\/\/elethic.fr\/wp-content\/uploads\/2025\/09\/assemblage-1024x681.jpg 1024w, https:\/\/elethic.fr\/wp-content\/uploads\/2025\/09\/assemblage-300x200.jpg 300w, https:\/\/elethic.fr\/wp-content\/uploads\/2025\/09\/assemblage-768x511.jpg 768w, https:\/\/elethic.fr\/wp-content\/uploads\/2025\/09\/assemblage-1536x1022.jpg 1536w, https:\/\/elethic.fr\/wp-content\/uploads\/2025\/09\/assemblage-98x65.jpg 98w, https:\/\/elethic.fr\/wp-content\/uploads\/2025\/09\/assemblage-60x40.jpg 60w, https:\/\/elethic.fr\/wp-content\/uploads\/2025\/09\/assemblage-190x126.jpg 190w, https:\/\/elethic.fr\/wp-content\/uploads\/2025\/09\/assemblage-165x110.jpg 165w, https:\/\/elethic.fr\/wp-content\/uploads\/2025\/09\/assemblage-25x17.jpg 25w, https:\/\/elethic.fr\/wp-content\/uploads\/2025\/09\/assemblage-541x360.jpg 541w, https:\/\/elethic.fr\/wp-content\/uploads\/2025\/09\/assemblage.jpg 1920w\" sizes=\"auto, (max-width: 1024px) 100vw, 1024px\" \/><\/figure>\n<\/figure>\n<\/div>\n<\/div>\n\n\n\n<div class=\"wp-block-group composition-realisation-3 is-layout-flow wp-block-group-is-layout-flow\">\n<div class=\"wp-block-group is-layout-flow wp-block-group-is-layout-flow\">\n<h2 class=\"wp-block-heading\">Les diff\u00e9rents axes de conception<\/h2>\n\n\n\n<ul class=\"wp-block-list\">\n<li>\ud83d\udccc <strong>Co\u00fbt (<\/strong> <strong>DFC)<\/strong><br>On cherche des solutions qui r\u00e9duisent le co\u00fbt global du produit, en optimisant \u00e0 la fois le choix des composants et les proc\u00e9d\u00e9s de fabrication<br><br><\/li>\n\n\n\n<li>\ud83d\udccc <strong>Contraintes (DFCO)<\/strong><br>On vise une fiabilit\u00e9 maximale en pr\u00e9parant un plan de tests rigoureux : tests en conditions extr\u00eames, analyse des d\u00e9faillances possibles, compatibilit\u00e9 \u00e9lectromagn\u00e9tique (CEM), calcul du taux de panne (MTBF), etc.<br><br><\/li>\n\n\n\n<li>\ud83d\udccc <strong>Fabrication (DFM)<\/strong><br>On choisit les bonnes technologies et partenaires pour fabriquer le produit, tout en respectant les r\u00e8gles de fabrication d\u00e8s la conception, notamment pour les circuits imprim\u00e9s. Cela permet d\u2019atteindre une bonne qualit\u00e9 et une grande fiabilit\u00e9.<br><br><\/li>\n\n\n\n<li>\ud83d\udccc <strong>Tests (DFT)<\/strong><br>On pense d\u00e8s le d\u00e9part \u00e0 comment tester le produit efficacement : quels outils utiliser, comment atteindre un bon taux de couverture, et comment d\u00e9tecter les d\u00e9fauts rapidement.<br><br><\/li>\n\n\n\n<li>\ud83d\udccc <strong>Assemblage (DFA)<\/strong><br>Le produit doit \u00eatre facile \u00e0 monter et d\u00e9monter, sans risque de l\u2019endommager, et en y passant un minimum de temps.<br><br><\/li>\n\n\n\n<li>\ud83d\udccc <strong>Cha\u00eene d\u2019approvisionnement (DFS)<\/strong><br>On simplifie le processus de fabrication : moins d&rsquo;\u00e9tapes inutiles, regroupement des t\u00e2ches, et recours aux bons savoir-faire.<br><br><\/li>\n\n\n\n<li>\ud83d\udccc <strong>Maintenance (DFMa)<\/strong><br>On pr\u00e9voit des outils simples pour diagnostiquer et r\u00e9parer les pannes. Cela permet au produit de rester disponible et fonctionnel plus longtemps.<br><br><\/li>\n\n\n\n<li>\ud83d\udccc <strong>Environnement (DFE)<\/strong><br>On con\u00e7oit le produit pour qu\u2019il consomme moins d\u2019\u00e9nergie, soit plus facile \u00e0 d\u00e9monter, et mieux recyclable en fin de vie. Et on choisi des partenaires locaux pour \u00e9viter les transports et les exp\u00e9ditions.<\/li>\n<\/ul>\n\n\n\n<p><\/p>\n<\/div>\n<\/div>\n\n\n\n<p><\/p>\n","protected":false},"excerpt":{"rendered":"<p>M\u00e9thodologie Pour garantir la fiabilit\u00e9 et la qualit\u00e9 des produits \u00e9lectroniques que nous r\u00e9alisons, l&rsquo;industrialisation est prise en compte d\u00e8s la conception. Nous d\u00e9finissons les m\u00e9thodes et les outils \u00e0 mettre en place pour concevoir un produit industrialis\u00e9 (fiable et adapt\u00e9 aux technologies de production). Nous pouvons ainsi r\u00e9pondre aux besoins fonctionnels, normatifs et qualitatifs [&hellip;]<\/p>\n","protected":false},"author":1,"featured_media":0,"parent":0,"menu_order":0,"comment_status":"closed","ping_status":"closed","template":"","meta":{"_acf_changed":false,"_seopress_robots_primary_cat":"","_seopress_titles_title":"%%post_title%%","_seopress_titles_desc":"Pour garantir la fiabilit\u00e9 et la qualit\u00e9 des produits \u00e9lectroniques que nous r\u00e9alisons, l'industrialisation est prise en compte d\u00e8s la conception.","_seopress_robots_index":"","footnotes":""},"class_list":["post-453","page","type-page","status-publish","hentry"],"acf":[],"_links":{"self":[{"href":"https:\/\/elethic.fr\/fr\/wp-json\/wp\/v2\/pages\/453","targetHints":{"allow":["GET"]}}],"collection":[{"href":"https:\/\/elethic.fr\/fr\/wp-json\/wp\/v2\/pages"}],"about":[{"href":"https:\/\/elethic.fr\/fr\/wp-json\/wp\/v2\/types\/page"}],"author":[{"embeddable":true,"href":"https:\/\/elethic.fr\/fr\/wp-json\/wp\/v2\/users\/1"}],"replies":[{"embeddable":true,"href":"https:\/\/elethic.fr\/fr\/wp-json\/wp\/v2\/comments?post=453"}],"version-history":[{"count":30,"href":"https:\/\/elethic.fr\/fr\/wp-json\/wp\/v2\/pages\/453\/revisions"}],"predecessor-version":[{"id":1498,"href":"https:\/\/elethic.fr\/fr\/wp-json\/wp\/v2\/pages\/453\/revisions\/1498"}],"wp:attachment":[{"href":"https:\/\/elethic.fr\/fr\/wp-json\/wp\/v2\/media?parent=453"}],"curies":[{"name":"wp","href":"https:\/\/api.w.org\/{rel}","templated":true}]}}