{"id":457,"date":"2025-05-27T22:46:51","date_gmt":"2025-05-27T20:46:51","guid":{"rendered":"https:\/\/elethic.fr\/?page_id=457"},"modified":"2025-10-21T18:35:05","modified_gmt":"2025-10-21T16:35:05","slug":"mentions-legales","status":"publish","type":"page","link":"https:\/\/elethic.fr\/fr\/mentions-legales\/","title":{"rendered":"Mentions l\u00e9gales"},"content":{"rendered":"\n<h2 class=\"wp-block-heading\"><strong>\u00c9diteur<\/strong><\/h2>\n\n\n\n<p><strong>SCOP Elethic<br><\/strong>13, rue Marcel Paul \u2013 38120 Saint Egr\u00e8ve \u2013 France<br>T\u00e9l : +33 (0)4 76 90 05 83<br>Mail : <a>contact@elethic.fr<\/a><\/p>\n\n\n\n<p>Directeur de la publication : Idelon Yannick<\/p>\n\n\n\n<h2 class=\"wp-block-heading\"><strong>Conception, r\u00e9alisation et h\u00e9bergement du site<\/strong><\/h2>\n\n\n\n<p><strong>SCOP Webu<br><\/strong>2 rue Saint Laurent \u2013 38000 Grenoble \u2013 France<br>T\u00e9l : 09 72 11 74 58<br>Site : <a href=\"https:\/\/www.webu.coop\" target=\"_blank\" rel=\"noreferrer noopener\">www.webu.coop<\/a><br>SIRET : 483 169 645 00023 \u2013 RCS Grenoble<\/p>\n\n\n\n<h2 class=\"wp-block-heading\"><strong>Propri\u00e9t\u00e9 intellectuelle<\/strong><\/h2>\n\n\n\n<p>L\u2019ensemble des contenus de ce site est la propri\u00e9t\u00e9 exclusive de la SCOP Elethic, sauf mention contraire. Toute reproduction, totale ou partielle, est interdite sans autorisation pr\u00e9alable.<\/p>\n","protected":false},"excerpt":{"rendered":"<p>\u00c9diteur SCOP Elethic13, rue Marcel Paul \u2013 38120 Saint Egr\u00e8ve \u2013 FranceT\u00e9l : +33 (0)4 76 90 05 83Mail : contact@elethic.fr Directeur de la publication : Idelon Yannick Conception, r\u00e9alisation et h\u00e9bergement du site SCOP Webu2 rue Saint Laurent \u2013 38000 Grenoble \u2013 FranceT\u00e9l : 09 72 11 74 58Site : www.webu.coopSIRET : 483 169 [&hellip;]<\/p>\n","protected":false},"author":1,"featured_media":0,"parent":0,"menu_order":0,"comment_status":"closed","ping_status":"closed","template":"","meta":{"_acf_changed":false,"_seopress_robots_primary_cat":"","_seopress_titles_title":"","_seopress_titles_desc":"","_seopress_robots_index":"","footnotes":""},"class_list":["post-457","page","type-page","status-publish","hentry"],"acf":[],"_links":{"self":[{"href":"https:\/\/elethic.fr\/fr\/wp-json\/wp\/v2\/pages\/457","targetHints":{"allow":["GET"]}}],"collection":[{"href":"https:\/\/elethic.fr\/fr\/wp-json\/wp\/v2\/pages"}],"about":[{"href":"https:\/\/elethic.fr\/fr\/wp-json\/wp\/v2\/types\/page"}],"author":[{"embeddable":true,"href":"https:\/\/elethic.fr\/fr\/wp-json\/wp\/v2\/users\/1"}],"replies":[{"embeddable":true,"href":"https:\/\/elethic.fr\/fr\/wp-json\/wp\/v2\/comments?post=457"}],"version-history":[{"count":3,"href":"https:\/\/elethic.fr\/fr\/wp-json\/wp\/v2\/pages\/457\/revisions"}],"predecessor-version":[{"id":1452,"href":"https:\/\/elethic.fr\/fr\/wp-json\/wp\/v2\/pages\/457\/revisions\/1452"}],"wp:attachment":[{"href":"https:\/\/elethic.fr\/fr\/wp-json\/wp\/v2\/media?parent=457"}],"curies":[{"name":"wp","href":"https:\/\/api.w.org\/{rel}","templated":true}]}}