{"id":469,"date":"2025-05-27T22:48:18","date_gmt":"2025-05-27T20:48:18","guid":{"rendered":"https:\/\/elethic.fr\/?page_id=469"},"modified":"2025-10-30T10:03:38","modified_gmt":"2025-10-30T09:03:38","slug":"nous-rejoindre","status":"publish","type":"page","link":"https:\/\/elethic.fr\/fr\/nous-rejoindre\/","title":{"rendered":"Nous rejoindre"},"content":{"rendered":"\n<p>Nous n&rsquo;avons pas de poste ouvert pour l&rsquo;instant, cependant n&rsquo;h\u00e9sitez pas \u00e0 nous envoyer votre candidature \u2026 on ne sait jamais !<\/p>\n","protected":false},"excerpt":{"rendered":"<p>Nous n&rsquo;avons pas de poste ouvert pour l&rsquo;instant, cependant n&rsquo;h\u00e9sitez pas \u00e0 nous envoyer votre candidature \u2026 on ne sait jamais !<\/p>\n","protected":false},"author":1,"featured_media":0,"parent":0,"menu_order":0,"comment_status":"closed","ping_status":"closed","template":"","meta":{"_acf_changed":false,"_seopress_robots_primary_cat":"","_seopress_titles_title":"%%post_title%%","_seopress_titles_desc":"ing\u00e9nieur en \u00e9lectronique, d\u00e9veloppeur logiciel, C, C++, FPGA","_seopress_robots_index":"","footnotes":""},"class_list":["post-469","page","type-page","status-publish","hentry"],"acf":[],"_links":{"self":[{"href":"https:\/\/elethic.fr\/fr\/wp-json\/wp\/v2\/pages\/469","targetHints":{"allow":["GET"]}}],"collection":[{"href":"https:\/\/elethic.fr\/fr\/wp-json\/wp\/v2\/pages"}],"about":[{"href":"https:\/\/elethic.fr\/fr\/wp-json\/wp\/v2\/types\/page"}],"author":[{"embeddable":true,"href":"https:\/\/elethic.fr\/fr\/wp-json\/wp\/v2\/users\/1"}],"replies":[{"embeddable":true,"href":"https:\/\/elethic.fr\/fr\/wp-json\/wp\/v2\/comments?post=469"}],"version-history":[{"count":5,"href":"https:\/\/elethic.fr\/fr\/wp-json\/wp\/v2\/pages\/469\/revisions"}],"predecessor-version":[{"id":1511,"href":"https:\/\/elethic.fr\/fr\/wp-json\/wp\/v2\/pages\/469\/revisions\/1511"}],"wp:attachment":[{"href":"https:\/\/elethic.fr\/fr\/wp-json\/wp\/v2\/media?parent=469"}],"curies":[{"name":"wp","href":"https:\/\/api.w.org\/{rel}","templated":true}]}}